{"id":92,"date":"2019-03-14T08:00:35","date_gmt":"2019-03-14T07:00:35","guid":{"rendered":"https:\/\/becker-art.com.web6.webflow.de\/?page_id=92"},"modified":"2024-08-27T17:45:54","modified_gmt":"2024-08-27T15:45:54","slug":"about","status":"publish","type":"page","link":"https:\/\/www.becker-art.com\/?page_id=92","title":{"rendered":"About"},"content":{"rendered":"\n<p>JOACHIM BECKER<br>Kurator<br><strong>Konzeption, Koordination und Organisation Internationaler Kunstausstellungen<\/strong><\/p>\n\n\n\n<p>Studium an der Ludwig-Maximilian-Universit\u00e4t M\u00fcnchen, Freie Universit\u00e4t Berlin, P\u00e4dagogische Hochschule Berlin und Hochschule der K\u00fcnste Berlin:<br>Psychologie, Germanistik, Kunstgeschichte, Didaktik, Visuelle Kommunikation<\/p>\n\n\n\n<p>1982 bis 1997&nbsp;<strong>Galerie Joachim Becker<\/strong>&nbsp;in Cannes\/ Frankreich;<br>und ab 1992 Paris.<br>Galerie f\u00fcr internationale zeitgen\u00f6ssische Kunst:<br>Georg Baselitz, Jean Budz, K.-H. H\u00f6dicke, Robert Courtright, Wolf Vostell, Albert Merz, Gonn Mosny, Rainer Fetting, Bernard Faucon, Luis Caballero, Jacqueline Diffring,  Luciano Castelli,  Elvira Bach, Markus L\u00fcpertz, A.R. Penck,  Luis Lemos, Jacqueline Gainon, Allen Jones, Marwan, Anne Madden, Christa Dichgans, Guillem Nadal, Dennis Oppenheim, Josep Ucles, Haralampi Oroschakoff,  Bruno Romeda, Tom Wesselmann.<\/p>\n\n\n\n<p>Regelm\u00e4\u00dfige Teilnahme an den <strong>Kunstmessen<\/strong>: Art Basel, Art Cologne, FIAC Paris, ARCO Madrid.<br><br>Aktive Teilnahme an internationalen Kongressen und Konferenzen zu den Schwerpunktthemen Kunstgeschichte, Kunstmarkt, Kunstvermittlung.<br>Seit 1992 Jury-Mitglied f\u00fcr verschiedene Kulturinstitutionen (f\u00fcr Preisverleihungen und Stipendien)<\/p>\n\n\n\n<p>Seit 2007 &#8211; 2022 Treuh\u00e4nder und k\u00fcnstlerischer Leiter der<br><strong>Jacqueline Diffring Foundation, Berlin &#8211; Stiftung f\u00fcr Kunst und Kultur<\/strong><br>Ab 1. Oktober 2022 im Verwaltungsrat der <strong>Jacqueline Diffring Collection, <\/strong><br><strong>Mittelrhein-Museum Koblenz<\/strong><\/p>\n\n\n\n<p><br>2007-2010 Kurator f\u00fcr zeitgen\u00f6ssische Kunst am Deutschen Institut f\u00fcr Wirtschaftsforschung, <strong>DIW Berlin<\/strong><\/p>\n\n\n\n<p>Seit WS 2008\u00a0 <strong>Lehrbeauftragter der Universit\u00e4t der K\u00fcnste, Berlin<\/strong>, Kunstmarkt: &#8222;Betriebssystem Kunst &#8211; Das Berufsfeld des K\u00fcnstlers&#8220;<br>2018 \/2019 <strong>Lehrbeauftragter der  Kunsthochschule Wei\u00dfensee<\/strong>, &#8222;Netzwerk Kunstmarkt&#8220; <br><\/p>\n\n\n\n<p>2004 und 2005 Chefkurator am Art Convent de la Missi\u00f3, Palma de Mallorca: Ausstellungen u.a. von A.R. Penck, Marwan, Kyoeng-Sub Yue, Rainer Fetting, Luciano Castelli, Luis Caballero, Jacqueline Diffring, Tierdarstellungen in der Kunst, La Passion.<br>2007-2010 DIW Berlin: Internationale zeitgen\u00f6ssische Kunst.<br>2009 \u201dMeeting Point\u201d, Kommunale Galerie Berlin, UdK Berlin\/Folkwang Universit\u00e4t, Essen.<br>2010 \u201dHommage \u00e0 Jacqueline Diffring\u201d, Franz\u00f6sische Botschaft, Berlin.<br>2010 UPDATE art 2010, UdK Berlin in Kooperation mit art forum berlin.<br>2013 &#8222;Naked&#8220;, Regina Nieke, Kommunale Galerie Berlin<br>2014 Sophia Pomp\u00e9ry, Diffring-Preis f\u00fcr Skulptur, Akademie der K\u00fcnste Berlin<br>2016 Retrospektive Jacqueline Diffring, Mittelrhein-Museum Koblenz.<br>2017 Internationale zeitgen\u00f6ssische Kunst, Schloss Reichenow<br>2019 Ahmed Ramadan, Kommunale Galerie Berlin<br>2023 Louise Lang, &#8222;Capturing&#8220;, Diffring-Preis f\u00fcr Skulptur, Mittelrhein-Museum Koblenz<br>2023 &#8222;Looking through&#8220;, 15 Jahre Diffring-Preis f\u00fcr Skulptur, Kommunale Galerie Berlin<\/p>\n\n\n\n<p><span style=\"text-decoration: underline;\"><strong>Seit 1985 kuratorische T\u00e4tigkeiten f\u00fcr Museen und Kulturinstitute (Auswahl):<br><\/strong><\/span>Museum Toulon, Frankreich: \u201cBerlin Aujourd\u2019hui\u201d; Museum Dunkerque, Frankreich: \u201cRetrospektive Luciano Castelli\u201d; Museum Toulon: \u201cJeune Peinture -Jacqueline Gainon\u201d; Gismondi, Paris: \u201dMein Berlin\u201d &#8211; Hommage \u00e0 Joachim Becker; Museum Toulon: \u201cJeune Peinture &#8211; Jean Budz\u201d; Galerie Dau Al Set, Barcelona: \u201cBerlin\u201d; Museum Dunkerque: \u201cBruno Romeda, Sculpteur &#8211; L\u2019Oeuvre\u201d; Museum Cannes, Frankreich: \u201cLuis Caballero\u201d; Mus\u00e9e de la Tapisserie, Aix-en-Provence: \u201cElvira Bach &#8211; Retrospektive\u201d; Museum Cannes: \u201cBruno Romeda\u201d; Goethe Institut, Paris: Barfuss\/Wachweger; Biblioth\u00e8que Nationale de France, Paris und Institut du Monde Arabe, Paris und Goethe-Institut, Paris: \u201cMarwan &#8211; Retrospektive\u201d; Mus\u00e9e d\u2019Art Moderne et d\u2019Art Contemporain de Nice, Frankreich: \u201cGuillem Nadal\u201d; Maison Europ\u00e9enne de la Photographie, Paris und Couvent des Cordeliers, Paris: \u201cLuciano Castelli -Photographie und Malerei\u201d; Centre Culturel de Bourg-en-Bresse, Frankreich: \u201cL\u2019 Expressionisme Allemand\u201d; Mus\u00e9e d\u2019Art Moderne et d\u2019Art Contemporain de Nice: \u201dChrista Dichgans &#8211; Russlandbild\u201d; Fondation Pilar i Joan Miro, Palma-de-Mallorca: \u201cGuillem Nadal\u201d. Mus\u00e9e Melik, Cabri\u00e8s: Luciano Castelli \/ Rainer Fetting; Centre Cultural de la Misericordia, Palma-de-Mallorca: \u201dErms\u201d &#8211; Guillem Nadal; Mus\u00e9e Melik, Cabri\u00e8s: Retrospektive Jacqueline Diffring; Diozesanmuseum W\u00fcrzburg: Zeitgen\u00f6ssische Christusbilder, von Baselitz bis Warhol; Mus\u00e9e Melik, Cabri\u00e8s: Les Fauves; Kommunale Galerie Berlin; Mittelrhein-Museum Koblenz<\/p>\n\n\n\n<p><span style=\"text-decoration: underline;\"><strong>Kunstberatung f\u00fcr private und \u00f6ffentliche Sammlungen (Auswahl)<\/strong><\/span>:<br>Collection Dobe, Z\u00fcrich, New York; Biblioth\u00e8que Nationale de France, Paris; Mus\u00e9e d\u2019Aix-en-Provence; Mus\u00e9e d\u2019Art Contemporain Toulon, Frankreich; Mus\u00e9e d\u2019Art Contemporain, Marseille; Mus\u00e9e d\u2019Art Contemporain Dunkerque, Frankreich; Mus\u00e9e de Cannes, Frankreich; Mus\u00e9e d\u2019Art Contemporain Bourg-en-Bresse, Frankreich; Philipp Morris Collection, Paris; Mus\u00e9e d\u2019Art Moderne et d\u2019Art Contemporain de Nice, Frankreich; Mus\u00e9e Picasso, Antibes, Frankreich; Museum am Dom, W\u00fcrzburg; Mus\u00e9e des Beaux Arts, Lausanne, Schweiz.<\/p>\n\n\n\n<p><span style=\"text-decoration: underline;\"><strong>Ver\u00f6ffentlichungen (Auswahl):<\/strong><br><\/span>1988, Mein Berlin &#8211; peintures, dessins, sculptures, Ausstellungskatalog Galerie Gismondi, Paris<br>1996, Gespr\u00e4ch mit der Unendlichkeit, Guillem Nadal. Ausstellungskatalog Galerie B\u00e4umler, Regensburg<br>1997, Guillem Nadal &#8211; Naufragi, Ausstellungskatalog Galerie La Cit\u00e9, Luxembourg<br>1998, Revolving Paintings, Luciano Castelli &#8211; Der K\u00fcnstler als Gesamtkunstwerk, Benteli Verlag, Bern<br>1998, Luciano Castelli und Rainer Fetting, Ausstellungskatalog Mus\u00e9e Edgar M\u00e9lik, Cabri\u00e9s, France<br>1999, Jacqueline Diffring &#8211; sculptures. Entre recherche et intuition. Benteli Verlag, Bern<br>2001, Guillem Nadal ist die Erde, die Insel im Meer, das Boot -,  Ausstellungskatalog Centre Cultural Misericordia, Palma de Mallorca<br>2008, Vom Durchdringen des Wirklichen, Kyoeng Sub Yue &#8211; Dust, Ausstellungskatalog Art Center Daejeon Korea<br>2010, \u00c4sthetik des Atmosph\u00e4rischen, Sarah Alexander &#8211; Katalog, Hrsg. Galerie Hirschmann, Berlin<br>2013, Naked, Regina Nieke, Ausstellungskatalog Kommunale Galerie Berlin<br>2013, MARWAN \u2013 Das verborgene Bild \/ The Hidden Image, Projekte Verlag, Halle<br>2016, Confluentia, Ausstellungskatalog: Jacqueline Diffring &#8211; Retrospektive, Mittelrhein-Museum Koblenz, Imhof Verlag, Petersberg<br><\/p>\n","protected":false},"excerpt":{"rendered":"<p>JOACHIM BECKERKuratorKonzeption, Koordination und Organisation Internationaler Kunstausstellungen Studium an der Ludwig-Maximilian-Universit\u00e4t M\u00fcnchen, Freie Universit\u00e4t Berlin, P\u00e4dagogische Hochschule Berlin und Hochschule der K\u00fcnste Berlin:Psychologie, Germanistik, Kunstgeschichte, Didaktik, Visuelle Kommunikation 1982 bis 1997&nbsp;Galerie Joachim Becker&nbsp;in Cannes\/ Frankreich;und ab 1992 Paris.Galerie f\u00fcr internationale zeitgen\u00f6ssische Kunst:Georg Baselitz, Jean Budz, K.-H. H\u00f6dicke, Robert Courtright, Wolf Vostell, Albert Merz, Gonn Mosny, Rainer Fetting, Bernard Faucon, Luis<\/p>\n","protected":false},"author":1,"featured_media":0,"parent":0,"menu_order":3,"comment_status":"closed","ping_status":"closed","template":"","meta":{"ngg_post_thumbnail":0,"footnotes":""},"class_list":["post-92","page","type-page","status-publish","hentry"],"jetpack_sharing_enabled":true,"_links":{"self":[{"href":"https:\/\/www.becker-art.com\/index.php?rest_route=\/wp\/v2\/pages\/92","targetHints":{"allow":["GET"]}}],"collection":[{"href":"https:\/\/www.becker-art.com\/index.php?rest_route=\/wp\/v2\/pages"}],"about":[{"href":"https:\/\/www.becker-art.com\/index.php?rest_route=\/wp\/v2\/types\/page"}],"author":[{"embeddable":true,"href":"https:\/\/www.becker-art.com\/index.php?rest_route=\/wp\/v2\/users\/1"}],"replies":[{"embeddable":true,"href":"https:\/\/www.becker-art.com\/index.php?rest_route=%2Fwp%2Fv2%2Fcomments&post=92"}],"version-history":[{"count":35,"href":"https:\/\/www.becker-art.com\/index.php?rest_route=\/wp\/v2\/pages\/92\/revisions"}],"predecessor-version":[{"id":276,"href":"https:\/\/www.becker-art.com\/index.php?rest_route=\/wp\/v2\/pages\/92\/revisions\/276"}],"wp:attachment":[{"href":"https:\/\/www.becker-art.com\/index.php?rest_route=%2Fwp%2Fv2%2Fmedia&parent=92"}],"curies":[{"name":"wp","href":"https:\/\/api.w.org\/{rel}","templated":true}]}}